{"id":92,"date":"2023-06-06T09:39:01","date_gmt":"2023-06-06T09:39:01","guid":{"rendered":"http:\/\/adish.es\/?page_id=92"},"modified":"2023-06-07T20:16:17","modified_gmt":"2023-06-07T20:16:17","slug":"nota-del-autor","status":"publish","type":"page","link":"https:\/\/adish.es\/index.php\/nota-del-autor\/","title":{"rendered":"Nota en el libro"},"content":{"rendered":"\t\t<div data-elementor-type=\"wp-page\" data-elementor-id=\"92\" class=\"elementor elementor-92\">\n\t\t\t\t\t\t\t<div class=\"elementor-element elementor-element-d570aca e-flex e-con-boxed e-con e-parent\" data-id=\"d570aca\" data-element_type=\"container\" data-settings=\"{&quot;container_type&quot;:&quot;flex&quot;,&quot;content_width&quot;:&quot;boxed&quot;}\" data-core-v316-plus=\"true\">\n\t\t\t\t\t<div class=\"e-con-inner\">\n\t\t\t\t<div class=\"elementor-element elementor-element-f62cd78 elementor-widget elementor-widget-text-editor\" data-id=\"f62cd78\" data-element_type=\"widget\" data-widget_type=\"text-editor.default\">\n\t\t\t\t<div class=\"elementor-widget-container\">\n\t\t\t<style>\/*! elementor - v3.17.0 - 25-10-2023 *\/\n.elementor-widget-text-editor.elementor-drop-cap-view-stacked .elementor-drop-cap{background-color:#69727d;color:#fff}.elementor-widget-text-editor.elementor-drop-cap-view-framed .elementor-drop-cap{color:#69727d;border:3px solid;background-color:transparent}.elementor-widget-text-editor:not(.elementor-drop-cap-view-default) .elementor-drop-cap{margin-top:8px}.elementor-widget-text-editor:not(.elementor-drop-cap-view-default) .elementor-drop-cap-letter{width:1em;height:1em}.elementor-widget-text-editor .elementor-drop-cap{float:left;text-align:center;line-height:1;font-size:50px}.elementor-widget-text-editor .elementor-drop-cap-letter{display:inline-block}<\/style>\t\t\t\t<p>Este libro se ha escrito simplemente como un ejercicio imaginativo con la \u00fanica intenci\u00f3n de entretener. Espero que nadie se sienta ofendido por su contenido.<\/p><p>Se han incluido hechos hist\u00f3ricos, algunos, tristemente, muy reales. Tambi\u00e9n lugares y ubicaciones, e incluso algunos personajes con nombre propio en la historia.<\/p><p>Disfruta de la lectura de tu historia.<\/p><center><br \/>La que nunca debiste olvidar.<\/center><center>La que eres incapaz de recordar.<\/center>\t\t\t\t\t\t<\/div>\n\t\t\t\t<\/div>\n\t\t\t\t\t<\/div>\n\t\t\t\t<\/div>\n\t\t<div class=\"elementor-element elementor-element-d672ebb e-flex e-con-boxed e-con e-parent\" data-id=\"d672ebb\" data-element_type=\"container\" data-settings=\"{&quot;container_type&quot;:&quot;flex&quot;,&quot;content_width&quot;:&quot;boxed&quot;}\" data-core-v316-plus=\"true\">\n\t\t\t\t\t<div class=\"e-con-inner\">\n\t\t\t\t<div class=\"elementor-element elementor-element-7e4aacd elementor-widget elementor-widget-image\" data-id=\"7e4aacd\" data-element_type=\"widget\" data-widget_type=\"image.default\">\n\t\t\t\t<div class=\"elementor-widget-container\">\n\t\t\t<style>\/*! elementor - v3.17.0 - 25-10-2023 *\/\n.elementor-widget-image{text-align:center}.elementor-widget-image a{display:inline-block}.elementor-widget-image a img[src$=\".svg\"]{width:48px}.elementor-widget-image img{vertical-align:middle;display:inline-block}<\/style>\t\t\t\t\t\t\t\t\t\t\t\t<img loading=\"lazy\" decoding=\"async\" width=\"347\" height=\"180\" src=\"https:\/\/adish.es\/wp-content\/uploads\/2023\/06\/Firma-Koldo-Castillo-T.png\" class=\"attachment-large size-large wp-image-88\" alt=\"\" srcset=\"https:\/\/adish.es\/wp-content\/uploads\/2023\/06\/Firma-Koldo-Castillo-T.png 347w, https:\/\/adish.es\/wp-content\/uploads\/2023\/06\/Firma-Koldo-Castillo-T-300x156.png 300w\" sizes=\"auto, (max-width: 347px) 100vw, 347px\" \/>\t\t\t\t\t\t\t\t\t\t\t\t\t\t\t<\/div>\n\t\t\t\t<\/div>\n\t\t\t\t\t<\/div>\n\t\t\t\t<\/div>\n\t\t\t\t\t\t\t<\/div>\n\t\t","protected":false},"excerpt":{"rendered":"<p>Este libro se ha escrito simplemente como un ejercicio imaginativo con la \u00fanica intenci\u00f3n de entretener. Espero que nadie se sienta ofendido por su contenido. Se han incluido hechos hist\u00f3ricos, algunos, tristemente, muy reales. Tambi\u00e9n lugares y ubicaciones, e incluso algunos personajes con nombre propio en la historia. Disfruta de la lectura de tu historia. [&hellip;]<\/p>\n","protected":false},"author":1,"featured_media":0,"parent":0,"menu_order":0,"comment_status":"open","ping_status":"closed","template":"","meta":{"footnotes":""},"class_list":["post-92","page","type-page","status-publish","hentry"],"_links":{"self":[{"href":"https:\/\/adish.es\/index.php\/wp-json\/wp\/v2\/pages\/92","targetHints":{"allow":["GET"]}}],"collection":[{"href":"https:\/\/adish.es\/index.php\/wp-json\/wp\/v2\/pages"}],"about":[{"href":"https:\/\/adish.es\/index.php\/wp-json\/wp\/v2\/types\/page"}],"author":[{"embeddable":true,"href":"https:\/\/adish.es\/index.php\/wp-json\/wp\/v2\/users\/1"}],"replies":[{"embeddable":true,"href":"https:\/\/adish.es\/index.php\/wp-json\/wp\/v2\/comments?post=92"}],"version-history":[{"count":9,"href":"https:\/\/adish.es\/index.php\/wp-json\/wp\/v2\/pages\/92\/revisions"}],"predecessor-version":[{"id":265,"href":"https:\/\/adish.es\/index.php\/wp-json\/wp\/v2\/pages\/92\/revisions\/265"}],"wp:attachment":[{"href":"https:\/\/adish.es\/index.php\/wp-json\/wp\/v2\/media?parent=92"}],"curies":[{"name":"wp","href":"https:\/\/api.w.org\/{rel}","templated":true}]}}