{"id":343,"date":"2023-06-12T08:26:36","date_gmt":"2023-06-12T08:26:36","guid":{"rendered":"http:\/\/adish.es\/?page_id=343"},"modified":"2023-06-12T19:28:11","modified_gmt":"2023-06-12T19:28:11","slug":"el-autor-se-presenta","status":"publish","type":"page","link":"https:\/\/adish.es\/index.php\/el-autor-se-presenta\/","title":{"rendered":"El autor se presenta"},"content":{"rendered":"\t\t<div data-elementor-type=\"wp-page\" data-elementor-id=\"343\" class=\"elementor elementor-343\">\n\t\t\t\t\t\t\t<div class=\"elementor-element elementor-element-1418045 e-flex e-con-boxed e-con e-parent\" data-id=\"1418045\" data-element_type=\"container\" data-settings=\"{&quot;container_type&quot;:&quot;flex&quot;,&quot;content_width&quot;:&quot;boxed&quot;}\" data-core-v316-plus=\"true\">\n\t\t\t\t\t<div class=\"e-con-inner\">\n\t\t\t\t<div class=\"elementor-element elementor-element-889790b elementor-widget elementor-widget-text-editor\" data-id=\"889790b\" data-element_type=\"widget\" data-widget_type=\"text-editor.default\">\n\t\t\t\t<div class=\"elementor-widget-container\">\n\t\t\t<style>\/*! elementor - v3.17.0 - 25-10-2023 *\/\n.elementor-widget-text-editor.elementor-drop-cap-view-stacked .elementor-drop-cap{background-color:#69727d;color:#fff}.elementor-widget-text-editor.elementor-drop-cap-view-framed .elementor-drop-cap{color:#69727d;border:3px solid;background-color:transparent}.elementor-widget-text-editor:not(.elementor-drop-cap-view-default) .elementor-drop-cap{margin-top:8px}.elementor-widget-text-editor:not(.elementor-drop-cap-view-default) .elementor-drop-cap-letter{width:1em;height:1em}.elementor-widget-text-editor .elementor-drop-cap{float:left;text-align:center;line-height:1;font-size:50px}.elementor-widget-text-editor .elementor-drop-cap-letter{display:inline-block}<\/style>\t\t\t\t<p><img loading=\"lazy\" decoding=\"async\" class=\"alignleft wp-image-368 size-thumbnail\" src=\"http:\/\/adish.es\/wp-content\/uploads\/2023\/06\/koldo-castillo-escribiendo-150x150.png\" alt=\"\" width=\"150\" height=\"150\" \/><\/p><p>Encantado de tenerte por aqu\u00ed.<\/p><p>Es probable que no me conozcas, o que s\u00ed me conozcas, pero no sab\u00edas de mi afici\u00f3n a escribir, por lo que creo que lo primero que deber\u00eda publicar en la web de mi libro es precisamente qu\u00e9 me ha llevado a escribirlo.<\/p><p>Para serte sincero, me sorprendi\u00f3 descubrir que en el libro que te regalan en la comuni\u00f3n ya hab\u00eda escrito el inicio de una historia que se titulaba \u201cDr. Simius\u201d, y, para mi sorpresa, ten\u00eda escrito el inicio de una historia en la que un mono con bata de m\u00e9dico (estaba dibujado) era un cient\u00edfico importante con una misi\u00f3n\u2026 que no termin\u00e9 por definir. Ya de adolescente escrib\u00ed algunos relatos y poes\u00eda que, por verg\u00fcenza, creo que leyeron pocas personas m\u00e1s, aparte de mi madre.<\/p><p>El caso es que, en alg\u00fan momento que no recuerdo, pens\u00e9 que era absurdo intentar ser escritor, y abandon\u00e9 esta idea. Sin embargo, siempre ha estado ah\u00ed, esa inquietud de contar historias, inventar mundos y personajes interesantes.<\/p><p>Hace ya cerca de quince a\u00f1os surgi\u00f3 la idea de este libro, bueno, en realidad no, lo que surgi\u00f3 fue el concepto de inventarme una historia oculta detr\u00e1s de la historia contada a trav\u00e9s de las diferentes religiones del planeta.<\/p><p>Empec\u00e9 con los bocetos e ideas para buscar la forma de encajar esa idea. Pero, nuevamente, me quitaron la idea de la cabeza, porque, al parecer, era una absurda p\u00e9rdida de tiempo.<\/p><p>Menos mal que, tiempo despu\u00e9s, conoc\u00ed a mi actual mujer, Reme, y, cuando un d\u00eda le cont\u00e9 la idea que tuve en su momento para una historia, no dud\u00f3 en apoyarme y en animarme a que la hiciera realidad. Gracias a ella todo esto ha sido posible.<\/p><p>As\u00ed que naci\u00f3 <em>El g\u00e9nesis<\/em>, una nueva versi\u00f3n de la creaci\u00f3n de nuestro planeta y la vida que lo habita.<\/p><p>A pesar de lo mucho que me cuesta exponerme p\u00fablicamente a la opini\u00f3n de otras personas, publiqu\u00e9 esta historia corta con la intenci\u00f3n de regalar los pocos ejemplares que imprim\u00ed. Mi sorpresa fue enorme al recibir un gran apoyo y \u00e1nimo, tanto por desconocidos como por extra\u00f1os. M\u00e1s a\u00fan cuando comentaba que ese no era m\u00e1s que el inicio necesario para el desarrollo de la historia que realmente quer\u00eda contar. La gente me pidi\u00f3 que me pusiera a ello.<\/p><p>Me parec\u00eda un reto descomunal escribir una novela, as\u00ed que decid\u00ed qu\u00e9, si la historia la ten\u00eda dividida en los diferentes puntos cardinales, ir\u00eda cap\u00edtulo a cap\u00edtulo contando el origen en el norte, oeste, sur y este.<\/p><p>Me faltaba informaci\u00f3n, as\u00ed que lo primero fue, con la ayuda de mis amigos, dar con la bibliograf\u00eda necesaria para cultivarme y buscar una forma de engarzar todas las historias que hab\u00eda ideado sueltas.<\/p><p>Escrib\u00ed el norte sobre la mitolog\u00eda vasca, y nuevamente esper\u00e9 la cr\u00edtica. Esta vez, consegu\u00ed vender todos los ejemplares que saqu\u00e9, y la gente que lo ley\u00f3 me demandaba que siguiera contando la historia, que no les pod\u00eda dejar con las ganas.<\/p><p>As\u00ed que continu\u00e9 con la ayuda de mi mujer, qui\u00e9n me correg\u00eda, como pod\u00eda, las complicadas historias que surg\u00edan de mi cabeza, m\u00e1s r\u00e1pidamente de lo que yo era capaz de escribirlas. Lo hizo porque consigui\u00f3 de m\u00ed la promesa de que si llegaba al tercer libro y la opini\u00f3n general era positiva, intentar\u00eda buscar una editorial con qui\u00e9n trabajar para publicarlo.<\/p><p>Y as\u00ed fue. Finalmente, gracias a BuBok, termin\u00e9 por darle forma y consegu\u00ed terminar y publicar mi primera novela.<\/p><p>\u00a0<\/p><p>He de decir que he disfrutado tanto en el proceso que tengo ya dos proyectos nuevos. Uno que surgi\u00f3 en paralelo con un amigo en el que nos imagin\u00e1bamos un mundo paralelo con humor muy \u00e1cido y totalmente irreverente y pol\u00edticamente incorrecto, hastiados del exceso de celo de algunos sectores de la sociedad en algunos \u00e1mbitos del humor.<\/p><p>El otro a petici\u00f3n de mi mujer, que, dado su esfuerzo para ayudar en el alumbramiento de este, le promet\u00ed tambi\u00e9n uno dedicado a ella y a su g\u00e9nero favorito. Espero estar a la altura. Pero no lo corregir\u00e1 ella. Se esperar\u00e1 a que est\u00e9 terminado para poder leerlo.<\/p><p>\u00a0<\/p><p>Dicho todo esto, gracias por haber llegado hasta aqu\u00ed, haberte interesado por Koldo el escritor, y espero que disfrutes de mi libro y de todo lo que vamos a publicar en esta web para ti.<\/p>\t\t\t\t\t\t<\/div>\n\t\t\t\t<\/div>\n\t\t\t\t\t<\/div>\n\t\t\t\t<\/div>\n\t\t\t\t\t\t\t<\/div>\n\t\t","protected":false},"excerpt":{"rendered":"<p>Encantado de tenerte por aqu\u00ed. Es probable que no me conozcas, o que s\u00ed me conozcas, pero no sab\u00edas de mi afici\u00f3n a escribir, por lo que creo que lo primero que deber\u00eda publicar en la web de mi libro es precisamente qu\u00e9 me ha llevado a escribirlo. Para serte sincero, me sorprendi\u00f3 descubrir que [&hellip;]<\/p>\n","protected":false},"author":1,"featured_media":0,"parent":0,"menu_order":0,"comment_status":"closed","ping_status":"closed","template":"","meta":{"footnotes":""},"class_list":["post-343","page","type-page","status-publish","hentry"],"_links":{"self":[{"href":"https:\/\/adish.es\/index.php\/wp-json\/wp\/v2\/pages\/343","targetHints":{"allow":["GET"]}}],"collection":[{"href":"https:\/\/adish.es\/index.php\/wp-json\/wp\/v2\/pages"}],"about":[{"href":"https:\/\/adish.es\/index.php\/wp-json\/wp\/v2\/types\/page"}],"author":[{"embeddable":true,"href":"https:\/\/adish.es\/index.php\/wp-json\/wp\/v2\/users\/1"}],"replies":[{"embeddable":true,"href":"https:\/\/adish.es\/index.php\/wp-json\/wp\/v2\/comments?post=343"}],"version-history":[{"count":10,"href":"https:\/\/adish.es\/index.php\/wp-json\/wp\/v2\/pages\/343\/revisions"}],"predecessor-version":[{"id":408,"href":"https:\/\/adish.es\/index.php\/wp-json\/wp\/v2\/pages\/343\/revisions\/408"}],"wp:attachment":[{"href":"https:\/\/adish.es\/index.php\/wp-json\/wp\/v2\/media?parent=343"}],"curies":[{"name":"wp","href":"https:\/\/api.w.org\/{rel}","templated":true}]}}